{"id":7,"date":"2023-10-03T11:50:31","date_gmt":"2023-10-03T14:50:31","guid":{"rendered":"https:\/\/prod.ag\/clientes\/besins\/blog\/\/?page_id=7"},"modified":"2025-09-12T16:14:41","modified_gmt":"2025-09-12T19:14:41","slug":"home","status":"publish","type":"page","link":"https:\/\/eutonoclima.com.br\/blog\/","title":{"rendered":"Home"},"content":{"rendered":"","protected":false},"excerpt":{"rendered":"","protected":false},"author":1,"featured_media":0,"parent":0,"menu_order":0,"comment_status":"closed","ping_status":"closed","template":"home.php","meta":{"_acf_changed":false,"footnotes":""},"class_list":["post-7","page","type-page","status-publish","hentry"],"acf":[],"yoast_head":"<!-- This site is optimized with the Yoast SEO plugin v25.7 - https:\/\/yoast.com\/wordpress\/plugins\/seo\/ -->\n<title>Home - Blog Eu T\u00f4 No Clima<\/title>\n<meta name=\"description\" content=\"Informa\u00e7\u00f5es essenciais para ajudar voc\u00ea a viver uma vida plena e saud\u00e1vel nessa fase. Nada para uma mulher segura!\" \/>\n<meta name=\"robots\" content=\"index, follow, max-snippet:-1, max-image-preview:large, max-video-preview:-1\" \/>\n<link rel=\"canonical\" href=\"https:\/\/eutonoclima.com.br\/blog\/\" \/>\n<meta property=\"og:locale\" content=\"pt_BR\" \/>\n<meta property=\"og:type\" content=\"article\" \/>\n<meta property=\"og:title\" content=\"Home - Blog Eu T\u00f4 No Clima\" \/>\n<meta property=\"og:description\" content=\"Informa\u00e7\u00f5es essenciais para ajudar voc\u00ea a viver uma vida plena e saud\u00e1vel nessa fase. Nada para uma mulher segura!\" \/>\n<meta property=\"og:url\" content=\"https:\/\/eutonoclima.com.br\/blog\/\" \/>\n<meta property=\"og:site_name\" content=\"Blog Eu T\u00f4 No Clima\" \/>\n<meta property=\"article:publisher\" content=\"https:\/\/www.facebook.com\/eutonoclimaoficial\" \/>\n<meta property=\"article:modified_time\" content=\"2025-09-12T19:14:41+00:00\" \/>\n<meta property=\"og:image\" content=\"https:\/\/eutonoclima.com.br\/blog\/wp-content\/uploads\/2025\/08\/imagem-compartilhamento-blog.png\" \/>\n\t<meta property=\"og:image:width\" content=\"1200\" \/>\n\t<meta property=\"og:image:height\" content=\"630\" \/>\n\t<meta property=\"og:image:type\" content=\"image\/png\" \/>\n<meta name=\"twitter:card\" content=\"summary_large_image\" \/>\n<script type=\"application\/ld+json\" class=\"yoast-schema-graph\">{\"@context\":\"https:\/\/schema.org\",\"@graph\":[{\"@type\":\"WebPage\",\"@id\":\"https:\/\/eutonoclima.com.br\/blog\/\",\"url\":\"https:\/\/eutonoclima.com.br\/blog\/\",\"name\":\"Home - Blog Eu T\u00f4 No Clima\",\"isPartOf\":{\"@id\":\"https:\/\/eutonoclima.com.br\/blog\/#website\"},\"datePublished\":\"2023-10-03T14:50:31+00:00\",\"dateModified\":\"2025-09-12T19:14:41+00:00\",\"description\":\"Informa\u00e7\u00f5es essenciais para ajudar voc\u00ea a viver uma vida plena e saud\u00e1vel nessa fase. Nada para uma mulher segura!\",\"breadcrumb\":{\"@id\":\"https:\/\/eutonoclima.com.br\/blog\/#breadcrumb\"},\"inLanguage\":\"pt-BR\",\"potentialAction\":[{\"@type\":\"ReadAction\",\"target\":[\"https:\/\/eutonoclima.com.br\/blog\/\"]}]},{\"@type\":\"BreadcrumbList\",\"@id\":\"https:\/\/eutonoclima.com.br\/blog\/#breadcrumb\",\"itemListElement\":[{\"@type\":\"ListItem\",\"position\":1,\"name\":\"Home\",\"item\":\"https:\/\/eutonoclima.com.br\/blog\/\"},{\"@type\":\"ListItem\",\"position\":2,\"name\":\"Home\"}]},{\"@type\":\"WebSite\",\"@id\":\"https:\/\/eutonoclima.com.br\/blog\/#website\",\"url\":\"https:\/\/eutonoclima.com.br\/blog\/\",\"name\":\"Blog Eu T\u00f4 No Clima\",\"description\":\"O \u201cEu t\u00f4 no clima\u201d \u00e9 uma campanha focada em abra\u00e7ar mulheres no climat\u00e9rio e incentiv\u00e1-las a viver intensamente esta fase.\",\"publisher\":{\"@id\":\"https:\/\/eutonoclima.com.br\/blog\/#organization\"},\"potentialAction\":[{\"@type\":\"SearchAction\",\"target\":{\"@type\":\"EntryPoint\",\"urlTemplate\":\"https:\/\/eutonoclima.com.br\/blog\/?s={search_term_string}\"},\"query-input\":{\"@type\":\"PropertyValueSpecification\",\"valueRequired\":true,\"valueName\":\"search_term_string\"}}],\"inLanguage\":\"pt-BR\"},{\"@type\":\"Organization\",\"@id\":\"https:\/\/eutonoclima.com.br\/blog\/#organization\",\"name\":\"Blog Eu T\u00f4 No Clima\",\"url\":\"https:\/\/eutonoclima.com.br\/blog\/\",\"logo\":{\"@type\":\"ImageObject\",\"inLanguage\":\"pt-BR\",\"@id\":\"https:\/\/eutonoclima.com.br\/blog\/#\/schema\/logo\/image\/\",\"url\":\"https:\/\/eutonoclima.com.br\/blog\/wp-content\/uploads\/2025\/08\/logo-eutonoclima.png\",\"contentUrl\":\"https:\/\/eutonoclima.com.br\/blog\/wp-content\/uploads\/2025\/08\/logo-eutonoclima.png\",\"width\":520,\"height\":520,\"caption\":\"Blog Eu T\u00f4 No Clima\"},\"image\":{\"@id\":\"https:\/\/eutonoclima.com.br\/blog\/#\/schema\/logo\/image\/\"},\"sameAs\":[\"https:\/\/www.facebook.com\/eutonoclimaoficial\"]}]}<\/script>\n<!-- \/ Yoast SEO plugin. -->","yoast_head_json":{"title":"Home - Blog Eu T\u00f4 No Clima","description":"Informa\u00e7\u00f5es essenciais para ajudar voc\u00ea a viver uma vida plena e saud\u00e1vel nessa fase. Nada para uma mulher segura!","robots":{"index":"index","follow":"follow","max-snippet":"max-snippet:-1","max-image-preview":"max-image-preview:large","max-video-preview":"max-video-preview:-1"},"canonical":"https:\/\/eutonoclima.com.br\/blog\/","og_locale":"pt_BR","og_type":"article","og_title":"Home - Blog Eu T\u00f4 No Clima","og_description":"Informa\u00e7\u00f5es essenciais para ajudar voc\u00ea a viver uma vida plena e saud\u00e1vel nessa fase. Nada para uma mulher segura!","og_url":"https:\/\/eutonoclima.com.br\/blog\/","og_site_name":"Blog Eu T\u00f4 No Clima","article_publisher":"https:\/\/www.facebook.com\/eutonoclimaoficial","article_modified_time":"2025-09-12T19:14:41+00:00","og_image":[{"width":1200,"height":630,"url":"https:\/\/eutonoclima.com.br\/blog\/wp-content\/uploads\/2025\/08\/imagem-compartilhamento-blog.png","type":"image\/png"}],"twitter_card":"summary_large_image","schema":{"@context":"https:\/\/schema.org","@graph":[{"@type":"WebPage","@id":"https:\/\/eutonoclima.com.br\/blog\/","url":"https:\/\/eutonoclima.com.br\/blog\/","name":"Home - Blog Eu T\u00f4 No Clima","isPartOf":{"@id":"https:\/\/eutonoclima.com.br\/blog\/#website"},"datePublished":"2023-10-03T14:50:31+00:00","dateModified":"2025-09-12T19:14:41+00:00","description":"Informa\u00e7\u00f5es essenciais para ajudar voc\u00ea a viver uma vida plena e saud\u00e1vel nessa fase. Nada para uma mulher segura!","breadcrumb":{"@id":"https:\/\/eutonoclima.com.br\/blog\/#breadcrumb"},"inLanguage":"pt-BR","potentialAction":[{"@type":"ReadAction","target":["https:\/\/eutonoclima.com.br\/blog\/"]}]},{"@type":"BreadcrumbList","@id":"https:\/\/eutonoclima.com.br\/blog\/#breadcrumb","itemListElement":[{"@type":"ListItem","position":1,"name":"Home","item":"https:\/\/eutonoclima.com.br\/blog\/"},{"@type":"ListItem","position":2,"name":"Home"}]},{"@type":"WebSite","@id":"https:\/\/eutonoclima.com.br\/blog\/#website","url":"https:\/\/eutonoclima.com.br\/blog\/","name":"Blog Eu T\u00f4 No Clima","description":"O \u201cEu t\u00f4 no clima\u201d \u00e9 uma campanha focada em abra\u00e7ar mulheres no climat\u00e9rio e incentiv\u00e1-las a viver intensamente esta fase.","publisher":{"@id":"https:\/\/eutonoclima.com.br\/blog\/#organization"},"potentialAction":[{"@type":"SearchAction","target":{"@type":"EntryPoint","urlTemplate":"https:\/\/eutonoclima.com.br\/blog\/?s={search_term_string}"},"query-input":{"@type":"PropertyValueSpecification","valueRequired":true,"valueName":"search_term_string"}}],"inLanguage":"pt-BR"},{"@type":"Organization","@id":"https:\/\/eutonoclima.com.br\/blog\/#organization","name":"Blog Eu T\u00f4 No Clima","url":"https:\/\/eutonoclima.com.br\/blog\/","logo":{"@type":"ImageObject","inLanguage":"pt-BR","@id":"https:\/\/eutonoclima.com.br\/blog\/#\/schema\/logo\/image\/","url":"https:\/\/eutonoclima.com.br\/blog\/wp-content\/uploads\/2025\/08\/logo-eutonoclima.png","contentUrl":"https:\/\/eutonoclima.com.br\/blog\/wp-content\/uploads\/2025\/08\/logo-eutonoclima.png","width":520,"height":520,"caption":"Blog Eu T\u00f4 No Clima"},"image":{"@id":"https:\/\/eutonoclima.com.br\/blog\/#\/schema\/logo\/image\/"},"sameAs":["https:\/\/www.facebook.com\/eutonoclimaoficial"]}]}},"_links":{"self":[{"href":"https:\/\/eutonoclima.com.br\/blog\/wp-json\/wp\/v2\/pages\/7","targetHints":{"allow":["GET"]}}],"collection":[{"href":"https:\/\/eutonoclima.com.br\/blog\/wp-json\/wp\/v2\/pages"}],"about":[{"href":"https:\/\/eutonoclima.com.br\/blog\/wp-json\/wp\/v2\/types\/page"}],"author":[{"embeddable":true,"href":"https:\/\/eutonoclima.com.br\/blog\/wp-json\/wp\/v2\/users\/1"}],"replies":[{"embeddable":true,"href":"https:\/\/eutonoclima.com.br\/blog\/wp-json\/wp\/v2\/comments?post=7"}],"version-history":[{"count":9,"href":"https:\/\/eutonoclima.com.br\/blog\/wp-json\/wp\/v2\/pages\/7\/revisions"}],"predecessor-version":[{"id":569,"href":"https:\/\/eutonoclima.com.br\/blog\/wp-json\/wp\/v2\/pages\/7\/revisions\/569"}],"wp:attachment":[{"href":"https:\/\/eutonoclima.com.br\/blog\/wp-json\/wp\/v2\/media?parent=7"}],"curies":[{"name":"wp","href":"https:\/\/api.w.org\/{rel}","templated":true}]}}